{"id":12959,"date":"2017-06-26T14:07:05","date_gmt":"2017-06-26T14:07:05","guid":{"rendered":"https:\/\/pmac.asia\/contact-us\/"},"modified":"2017-06-26T14:07:05","modified_gmt":"2017-06-26T14:07:05","slug":"contact-us","status":"publish","type":"page","link":"https:\/\/pmac.asia\/en\/contact-us\/","title":{"rendered":"Contact Us"},"content":{"rendered":"\t\t<div data-elementor-type=\"wp-page\" data-elementor-id=\"12959\" class=\"elementor elementor-12959\">\n\t\t\t\t\t\t\t\t\t<section class=\"elementor-section elementor-top-section elementor-element elementor-element-2783941 wd-section-stretch elementor-section-boxed elementor-section-height-default elementor-section-height-default\" data-id=\"2783941\" data-element_type=\"section\">\n\t\t\t\t\t\t<div class=\"elementor-container elementor-column-gap-default\">\n\t\t\t\t\t<div class=\"elementor-column elementor-col-50 elementor-top-column elementor-element elementor-element-6516759\" data-id=\"6516759\" data-element_type=\"column\">\n\t\t\t<div class=\"elementor-widget-wrap elementor-element-populated\">\n\t\t\t\t\t\t\t\t<div class=\"elementor-element elementor-element-e8406ad elementor-widget elementor-widget-heading\" data-id=\"e8406ad\" data-element_type=\"widget\" data-widget_type=\"heading.default\">\n\t\t\t\t<div class=\"elementor-widget-container\">\n\t\t\t<style>\/*! elementor - v3.6.0 - 21-03-2022 *\/\n.elementor-heading-title{padding:0;margin:0;line-height:1}.elementor-widget-heading .elementor-heading-title[class*=elementor-size-]>a{color:inherit;font-size:inherit;line-height:inherit}.elementor-widget-heading .elementor-heading-title.elementor-size-small{font-size:15px}.elementor-widget-heading .elementor-heading-title.elementor-size-medium{font-size:19px}.elementor-widget-heading .elementor-heading-title.elementor-size-large{font-size:29px}.elementor-widget-heading .elementor-heading-title.elementor-size-xl{font-size:39px}.elementor-widget-heading .elementor-heading-title.elementor-size-xxl{font-size:59px}<\/style><h3 class=\"elementor-heading-title elementor-size-default\">HCM: 87 Ngh\u0129a Th\u1ee5c, Ph\u01b0\u1eddng 5, Qu\u1eadn 5, H\u1ed3 Ch\u00ed Minh<\/h3>\t\t<\/div>\n\t\t\t\t<\/div>\n\t\t\t\t<div class=\"elementor-element elementor-element-d5bfd7b elementor-widget elementor-widget-google_maps\" data-id=\"d5bfd7b\" data-element_type=\"widget\" data-widget_type=\"google_maps.default\">\n\t\t\t\t<div class=\"elementor-widget-container\">\n\t\t\t<style>\/*! elementor - v3.6.0 - 21-03-2022 *\/\n.elementor-widget-google_maps .elementor-widget-container{overflow:hidden}.elementor-widget-google_maps iframe{height:300px}<\/style>\t\t<div class=\"elementor-custom-embed\">\n\t\t\t<iframe frameborder=\"0\" scrolling=\"no\" marginheight=\"0\" marginwidth=\"0\"\n\t\t\t\t\tsrc=\"https:\/\/maps.google.com\/maps?q=87%20Ngh%C4%A9a%20Th%E1%BB%A5c%2C%20Ph%C6%B0%E1%BB%9Dng%205%2C%20Qu%E1%BA%ADn%205%2C%20H%E1%BB%93%20Ch%C3%AD%20Minh&#038;t=m&#038;z=16&#038;output=embed&#038;iwloc=near\"\n\t\t\t\t\ttitle=\"87 Ngh\u0129a Th\u1ee5c, Ph\u01b0\u1eddng 5, Qu\u1eadn 5, H\u1ed3 Ch\u00ed Minh\"\n\t\t\t\t\taria-label=\"87 Ngh\u0129a Th\u1ee5c, Ph\u01b0\u1eddng 5, Qu\u1eadn 5, H\u1ed3 Ch\u00ed Minh\"\n\t\t\t><\/iframe>\n\t\t<\/div>\n\t\t\t\t<\/div>\n\t\t\t\t<\/div>\n\t\t\t\t\t<\/div>\n\t\t<\/div>\n\t\t\t\t<div class=\"elementor-column elementor-col-50 elementor-top-column elementor-element elementor-element-6c815d2\" data-id=\"6c815d2\" data-element_type=\"column\">\n\t\t\t<div class=\"elementor-widget-wrap elementor-element-populated\">\n\t\t\t\t\t\t\t\t<div class=\"elementor-element elementor-element-fdf53d5 elementor-widget elementor-widget-heading\" data-id=\"fdf53d5\" data-element_type=\"widget\" data-widget_type=\"heading.default\">\n\t\t\t\t<div class=\"elementor-widget-container\">\n\t\t\t<h3 class=\"elementor-heading-title elementor-size-default\">HN: 22B \u01a02 Linh \u0110\u00e0m, Ho\u00e0ng Li\u1ec7t, Ho\u00e0ng Mai, H\u00e0 N\u1ed9i<\/h3>\t\t<\/div>\n\t\t\t\t<\/div>\n\t\t\t\t<div class=\"elementor-element elementor-element-556eeee elementor-widget elementor-widget-google_maps\" data-id=\"556eeee\" data-element_type=\"widget\" data-widget_type=\"google_maps.default\">\n\t\t\t\t<div class=\"elementor-widget-container\">\n\t\t\t\t\t<div class=\"elementor-custom-embed\">\n\t\t\t<iframe frameborder=\"0\" scrolling=\"no\" marginheight=\"0\" marginwidth=\"0\"\n\t\t\t\t\tsrc=\"https:\/\/maps.google.com\/maps?q=22B%20%C6%A02%20B%C3%A1n%20%C4%91%E1%BA%A3o%20Linh%20%C4%90%C3%A0m%2C%20Ph%C6%B0%E1%BB%9Dng%20Ho%C3%A0ng%20Li%E1%BB%87t%2C%20Qu%E1%BA%ADn%20Ho%C3%A0ng%20Mai%2C%20H%C3%A0%20N%E1%BB%99i&#038;t=m&#038;z=16&#038;output=embed&#038;iwloc=near\"\n\t\t\t\t\ttitle=\"22B \u01a02 B\u00e1n \u0111\u1ea3o Linh \u0110\u00e0m, Ph\u01b0\u1eddng Ho\u00e0ng Li\u1ec7t, Qu\u1eadn Ho\u00e0ng Mai, H\u00e0 N\u1ed9i\"\n\t\t\t\t\taria-label=\"22B \u01a02 B\u00e1n \u0111\u1ea3o Linh \u0110\u00e0m, Ph\u01b0\u1eddng Ho\u00e0ng Li\u1ec7t, Qu\u1eadn Ho\u00e0ng Mai, H\u00e0 N\u1ed9i\"\n\t\t\t><\/iframe>\n\t\t<\/div>\n\t\t\t\t<\/div>\n\t\t\t\t<\/div>\n\t\t\t\t\t<\/div>\n\t\t<\/div>\n\t\t\t\t\t\t\t<\/div>\n\t\t<\/section>\n\t\t\t\t<section class=\"elementor-section elementor-top-section elementor-element elementor-element-4054542 elementor-section-boxed elementor-section-height-default elementor-section-height-default wd-section-disabled\" data-id=\"4054542\" data-element_type=\"section\">\n\t\t\t\t\t\t<div class=\"elementor-container elementor-column-gap-default\">\n\t\t\t\t\t<div class=\"elementor-column elementor-col-100 elementor-top-column elementor-element elementor-element-2007052\" data-id=\"2007052\" data-element_type=\"column\">\n\t\t\t<div class=\"elementor-widget-wrap elementor-element-populated\">\n\t\t\t\t\t\t\t\t<div class=\"elementor-element elementor-element-9025112 elementor-widget elementor-widget-wd_title\" data-id=\"9025112\" data-element_type=\"widget\" data-widget_type=\"wd_title.default\">\n\t\t\t\t<div class=\"elementor-widget-container\">\n\t\t\t\t\t\t<link rel=\"stylesheet\" id=\"wd-section-title-css\" href=\"https:\/\/pmac.asia\/wp-content\/themes\/woodmart\/css\/parts\/el-section-title.min.css?ver=6.1.4\" type=\"text\/css\" media=\"all\" \/> \t\t\t\t\t<div class=\"title-wrapper set-mb-s reset-last-child wd-title-color-default wd-title-style-default wd-title-size-default text-left\">\n\n\t\t\t\n\t\t\t<div class=\"liner-continer\">\n\t\t\t\t<h4 class=\"woodmart-title-container title wd-fontsize-l\">Li\u00ean h\u1ec7<\/h4> \n\t\t\t\t\t\t\t<\/div>\n\n\t\t\t\t\t<\/div>\n\t\t\t\t<\/div>\n\t\t\t\t<\/div>\n\t\t\t\t\t<\/div>\n\t\t<\/div>\n\t\t\t\t\t\t\t<\/div>\n\t\t<\/section>\n\t\t\t\t\t\t\t<\/div>\n\t\t","protected":false},"excerpt":{"rendered":"<p>HCM: 87 Ngh\u0129a Th\u1ee5c, Ph\u01b0\u1eddng 5, Qu\u1eadn 5, H\u1ed3 Ch\u00ed Minh HN: 22B \u01a02 Linh \u0110\u00e0m, Ho\u00e0ng Li\u1ec7t, Ho\u00e0ng Mai,<\/p>\n","protected":false},"author":1,"featured_media":0,"parent":0,"menu_order":0,"comment_status":"closed","ping_status":"closed","template":"","meta":{"footnotes":""},"class_list":["post-12959","page","type-page","status-publish","hentry"],"_links":{"self":[{"href":"https:\/\/pmac.asia\/en\/wp-json\/wp\/v2\/pages\/12959","targetHints":{"allow":["GET"]}}],"collection":[{"href":"https:\/\/pmac.asia\/en\/wp-json\/wp\/v2\/pages"}],"about":[{"href":"https:\/\/pmac.asia\/en\/wp-json\/wp\/v2\/types\/page"}],"author":[{"embeddable":true,"href":"https:\/\/pmac.asia\/en\/wp-json\/wp\/v2\/users\/1"}],"replies":[{"embeddable":true,"href":"https:\/\/pmac.asia\/en\/wp-json\/wp\/v2\/comments?post=12959"}],"version-history":[{"count":0,"href":"https:\/\/pmac.asia\/en\/wp-json\/wp\/v2\/pages\/12959\/revisions"}],"wp:attachment":[{"href":"https:\/\/pmac.asia\/en\/wp-json\/wp\/v2\/media?parent=12959"}],"curies":[{"name":"wp","href":"https:\/\/api.w.org\/{rel}","templated":true}]}}